{"id":36,"date":"2022-02-04T17:49:04","date_gmt":"2022-02-04T20:49:04","guid":{"rendered":"http:\/\/ainstra.org.ar\/wordpressparalelo\/?page_id=36"},"modified":"2025-11-20T12:15:29","modified_gmt":"2025-11-20T15:15:29","slug":"objetivos","status":"publish","type":"page","link":"https:\/\/ainstra.org.ar\/index.php\/objetivos\/","title":{"rendered":"OBJETIVOS"},"content":{"rendered":"\t\t<div data-elementor-type=\"wp-page\" data-elementor-id=\"36\" class=\"elementor elementor-36\">\n\t\t\t\t\t\t\t\t\t<section class=\"elementor-section elementor-top-section elementor-element elementor-element-6cee9993 elementor-section-height-min-height elementor-section-items-stretch elementor-section-content-middle elementor-section-boxed elementor-section-height-default\" data-id=\"6cee9993\" data-element_type=\"section\">\n\t\t\t\t\t\t\t<div class=\"elementor-background-overlay\"><\/div>\n\t\t\t\t\t\t\t<div class=\"elementor-container elementor-column-gap-default\">\n\t\t\t\t\t<div class=\"elementor-column elementor-col-100 elementor-top-column elementor-element elementor-element-6f53adaa\" data-id=\"6f53adaa\" data-element_type=\"column\" data-settings=\"{&quot;background_background&quot;:&quot;slideshow&quot;,&quot;background_slideshow_gallery&quot;:[],&quot;background_slideshow_loop&quot;:&quot;yes&quot;,&quot;background_slideshow_slide_duration&quot;:5000,&quot;background_slideshow_slide_transition&quot;:&quot;fade&quot;,&quot;background_slideshow_transition_duration&quot;:500}\">\n\t\t\t<div class=\"elementor-widget-wrap elementor-element-populated\">\n\t\t\t\t\t\t\t\t<section class=\"elementor-section elementor-inner-section elementor-element elementor-element-2dbc4e22 elementor-section-boxed elementor-section-height-default elementor-section-height-default\" data-id=\"2dbc4e22\" data-element_type=\"section\">\n\t\t\t\t\t\t<div class=\"elementor-container elementor-column-gap-default\">\n\t\t\t\t\t<div class=\"elementor-column elementor-col-100 elementor-inner-column elementor-element elementor-element-1d4f0afd\" data-id=\"1d4f0afd\" data-element_type=\"column\">\n\t\t\t<div class=\"elementor-widget-wrap elementor-element-populated\">\n\t\t\t\t\t\t\t\t<div class=\"elementor-element elementor-element-7a18cb74 elementor-position-top elementor-vertical-align-top elementor-widget elementor-widget-image-box\" data-id=\"7a18cb74\" data-element_type=\"widget\" data-widget_type=\"image-box.default\">\n\t\t\t\t<div class=\"elementor-widget-container\">\n\t\t\t<style>\/*! elementor - v3.6.0 - 21-03-2022 *\/\n.elementor-widget-image-box .elementor-image-box-content{width:100%}@media (min-width:768px){.elementor-widget-image-box.elementor-position-left .elementor-image-box-wrapper,.elementor-widget-image-box.elementor-position-right .elementor-image-box-wrapper{display:-webkit-box;display:-ms-flexbox;display:flex}.elementor-widget-image-box.elementor-position-right .elementor-image-box-wrapper{text-align:right;-webkit-box-orient:horizontal;-webkit-box-direction:reverse;-ms-flex-direction:row-reverse;flex-direction:row-reverse}.elementor-widget-image-box.elementor-position-left .elementor-image-box-wrapper{text-align:left;-webkit-box-orient:horizontal;-webkit-box-direction:normal;-ms-flex-direction:row;flex-direction:row}.elementor-widget-image-box.elementor-position-top .elementor-image-box-img{margin:auto}.elementor-widget-image-box.elementor-vertical-align-top .elementor-image-box-wrapper{-webkit-box-align:start;-ms-flex-align:start;align-items:flex-start}.elementor-widget-image-box.elementor-vertical-align-middle .elementor-image-box-wrapper{-webkit-box-align:center;-ms-flex-align:center;align-items:center}.elementor-widget-image-box.elementor-vertical-align-bottom .elementor-image-box-wrapper{-webkit-box-align:end;-ms-flex-align:end;align-items:flex-end}}@media (max-width:767px){.elementor-widget-image-box .elementor-image-box-img{margin-left:auto!important;margin-right:auto!important;margin-bottom:15px}}.elementor-widget-image-box .elementor-image-box-img{display:inline-block}.elementor-widget-image-box .elementor-image-box-title a{color:inherit}.elementor-widget-image-box .elementor-image-box-wrapper{text-align:center}.elementor-widget-image-box .elementor-image-box-description{margin:0}<\/style><div class=\"elementor-image-box-wrapper\"><figure class=\"elementor-image-box-img\"><img decoding=\"async\" width=\"600\" height=\"200\" src=\"https:\/\/ainstra.org.ar\/wp-content\/uploads\/2022\/02\/logo.png\" class=\"attachment-full size-full\" alt=\"\" loading=\"lazy\" \/><\/figure><\/div>\t\t<\/div>\n\t\t\t\t<\/div>\n\t\t\t\t\t<\/div>\n\t\t<\/div>\n\t\t\t\t\t\t\t<\/div>\n\t\t<\/section>\n\t\t\t\t\t<\/div>\n\t\t<\/div>\n\t\t\t\t\t\t\t<\/div>\n\t\t<\/section>\n\t\t\t\t<section class=\"elementor-section elementor-top-section elementor-element elementor-element-583fd06b elementor-section-boxed elementor-section-height-default elementor-section-height-default\" data-id=\"583fd06b\" data-element_type=\"section\">\n\t\t\t\t\t\t<div class=\"elementor-container elementor-column-gap-default\">\n\t\t\t\t\t<div class=\"elementor-column elementor-col-100 elementor-top-column elementor-element elementor-element-6cdfe07d\" data-id=\"6cdfe07d\" data-element_type=\"column\">\n\t\t\t<div class=\"elementor-widget-wrap elementor-element-populated\">\n\t\t\t\t\t\t\t\t<div class=\"elementor-element elementor-element-6f02661e elementor-widget elementor-widget-heading\" data-id=\"6f02661e\" data-element_type=\"widget\" data-widget_type=\"heading.default\">\n\t\t\t\t<div class=\"elementor-widget-container\">\n\t\t\t<style>\/*! elementor - v3.6.0 - 21-03-2022 *\/\n.elementor-heading-title{padding:0;margin:0;line-height:1}.elementor-widget-heading .elementor-heading-title[class*=elementor-size-]>a{color:inherit;font-size:inherit;line-height:inherit}.elementor-widget-heading .elementor-heading-title.elementor-size-small{font-size:15px}.elementor-widget-heading .elementor-heading-title.elementor-size-medium{font-size:19px}.elementor-widget-heading .elementor-heading-title.elementor-size-large{font-size:29px}.elementor-widget-heading .elementor-heading-title.elementor-size-xl{font-size:39px}.elementor-widget-heading .elementor-heading-title.elementor-size-xxl{font-size:59px}<\/style><h2 class=\"elementor-heading-title elementor-size-default\">Objetivos<\/h2>\t\t<\/div>\n\t\t\t\t<\/div>\n\t\t\t\t\t<\/div>\n\t\t<\/div>\n\t\t\t\t\t\t\t<\/div>\n\t\t<\/section>\n\t\t\t\t<section class=\"elementor-section elementor-top-section elementor-element elementor-element-13fd6ab5 elementor-section-boxed elementor-section-height-default elementor-section-height-default\" data-id=\"13fd6ab5\" data-element_type=\"section\">\n\t\t\t\t\t\t<div class=\"elementor-container elementor-column-gap-default\">\n\t\t\t\t\t<div class=\"elementor-column elementor-col-100 elementor-top-column elementor-element elementor-element-1742433b\" data-id=\"1742433b\" data-element_type=\"column\">\n\t\t\t<div class=\"elementor-widget-wrap elementor-element-populated\">\n\t\t\t\t\t\t\t\t<div class=\"elementor-element elementor-element-47dff4ae elementor-widget elementor-widget-text-editor\" data-id=\"47dff4ae\" data-element_type=\"widget\" data-widget_type=\"text-editor.default\">\n\t\t\t\t<div class=\"elementor-widget-container\">\n\t\t\t<style>\/*! elementor - v3.6.0 - 21-03-2022 *\/\n.elementor-widget-text-editor.elementor-drop-cap-view-stacked .elementor-drop-cap{background-color:#818a91;color:#fff}.elementor-widget-text-editor.elementor-drop-cap-view-framed .elementor-drop-cap{color:#818a91;border:3px solid;background-color:transparent}.elementor-widget-text-editor:not(.elementor-drop-cap-view-default) .elementor-drop-cap{margin-top:8px}.elementor-widget-text-editor:not(.elementor-drop-cap-view-default) .elementor-drop-cap-letter{width:1em;height:1em}.elementor-widget-text-editor .elementor-drop-cap{float:left;text-align:center;line-height:1;font-size:50px}.elementor-widget-text-editor .elementor-drop-cap-letter{display:inline-block}<\/style>\t\t\t\t<ul>\n \t<li><span style=\"color: #000080; font-family: Verdana; font-size: small;\"><span style=\"color: #000080; font-family: Verdana;\"><span class=\"Estilo6\"><span style=\"font-size: small;\">Colaborar con el planeamiento integral de la ense\u00f1anza t\u00e9cnico \u2013 profesional y tecnol\u00f3gica de nivel superior, su articulaci\u00f3n con otros niveles y coordinar esta labor con los organismo oficiales pertinentes y con las organizaciones intermedias de la educaci\u00f3n.<\/span><\/span><span style=\"font-size: small;\">\u00a0<\/span><\/span><\/span><\/li>\n \t<li class=\"Estilo4 MsoNormal\"><span style=\"color: #000080; font-family: Verdana; font-size: small;\">Emitir su opini\u00f3n como \u00f3rgano de consulta, toda vez que sea convocada para ello, ante los organismo educativos oficiales de nivel nacional, provincial y municipal y otras organizaciones intermedias sobre los problemas que afectan a la educaci\u00f3n en general, a la educaci\u00f3n t\u00e9cnico \u2013 profesional y tecnol\u00f3gica de nivel superior en particular, sobre la creaci\u00f3n de nuevos institutos o carreras, planes de estudio, normas y reglamentaci\u00f3n u otros temas para los cuales sea requerida. <\/span><\/li>\n \t<li class=\"Estilo4 MsoNormal\"><span style=\"color: #000080; font-family: Verdana; font-size: small;\">Efectuar la difusi\u00f3n p\u00fablica y la promoci\u00f3n del sistema educativo de nivel superior t\u00e9cnico-profesional y tecnol\u00f3gico.<\/span><\/li>\n \t<li class=\"Estilo4 MsoNormal\"><span style=\"color: #000080; font-family: Verdana; font-size: small;\">P<\/span><span style=\"color: #000080; font-family: Verdana; font-size: small;\">romover la actualizaci\u00f3n y revisi\u00f3n continua de las normas legales y reglamentarias, programas educativos oficiales, nacionales y provinciales y particulares de los institutos, normas que reglamenten el trabajo en los mismos (permanencia, seguridad, previsi\u00f3n social, capacitaci\u00f3n, evaluaci\u00f3n, renovaci\u00f3n, etc) efectuando la difusi\u00f3n p\u00fablica y llamadas de atenci\u00f3n a las autoridades sobre esta necesidad.<\/span><\/li>\n \t<li class=\"Estilo4 MsoNormal\"><span style=\"color: #000080; font-family: Verdana; font-size: small;\">Asesorar a instituciones y personas sobre la ense\u00f1anza t\u00e9cnico \u2013 profesional y tecnol\u00f3gica de nivel superior.<\/span><\/li>\n \t<li class=\"Estilo4 MsoNormal\"><span style=\"color: #000080; font-family: Verdana; font-size: small;\">Financiar, promover y auspiciar congresos, jornadas, seminarios y eventos de especializaci\u00f3n y actualizaci\u00f3n para la mejor utilizaci\u00f3n de los recursos humanos y t\u00e9cnicos.<\/span><\/li>\n \t<li class=\"Estilo4 MsoNormal\"><span style=\"color: #000080; font-family: Verdana; font-size: small;\">Constituirse en \u00f3rgano de representaci\u00f3n gremial de las entidades afiliadas, sin por ello limitar la autonom\u00eda de cada una de ellas para efectuar sus propios convenios laborales.<\/span><\/li>\n \t<li class=\"Estilo4 MsoNormal\"><span style=\"color: #000080; font-family: Verdana; font-size: small;\">Gestionar ante las autoridades nacionales, provinciales, municipales e internacionales de todo orden, la creaci\u00f3n de cursos de estudio e investigaci\u00f3n.<\/span><\/li>\n \t<li class=\"Estilo4 MsoNormal\"><span style=\"color: #000080; font-family: Verdana; font-size: small;\">En general promover medidas de orden nacional tendientes al mejoramiento de la ense\u00f1anza t\u00e9cnica.<\/span><\/li>\n \t<li><span style=\"color: #000080; font-family: Verdana; font-size: small;\"><span style=\"color: #000080; font-family: Verdana;\"><span class=\"Estilo6\"><span style=\"font-size: small;\">Colaborar con el desarrollo de las pr\u00e1cticas profesionalizantes de los institutos de estudios superiores con el fin de fortalecer la articulaci\u00f3n entre la formaci\u00f3n acad\u00e9mica y el \u00e1mbito laboral, promoviendo experiencias formativas reales que potencien las competencias profesionales de los estudiantes.<\/li>\n<\/ul>\t\t\t\t\t\t<\/div>\n\t\t\t\t<\/div>\n\t\t\t\t\t<\/div>\n\t\t<\/div>\n\t\t\t\t\t\t\t<\/div>\n\t\t<\/section>\n\t\t\t\t\t\t\t<\/div>\n\t\t","protected":false},"excerpt":{"rendered":"<p>Objetivos Colaborar con el planeamiento integral de la ense\u00f1anza t\u00e9cnico \u2013 profesional y tecnol\u00f3gica de nivel superior, su articulaci\u00f3n con otros niveles y coordinar esta labor con los organismo oficiales pertinentes y con las organizaciones intermedias de la educaci\u00f3n.\u00a0 Emitir su opini\u00f3n como \u00f3rgano de consulta, toda vez que sea convocada para ello, ante los &hellip;<\/p>\n<p class=\"read-more\"> <a class=\"\" href=\"https:\/\/ainstra.org.ar\/index.php\/objetivos\/\"> <span class=\"screen-reader-text\">OBJETIVOS<\/span> Read More &raquo;<\/a><\/p>\n","protected":false},"author":1,"featured_media":0,"parent":0,"menu_order":0,"comment_status":"closed","ping_status":"closed","template":"","meta":[],"_links":{"self":[{"href":"https:\/\/ainstra.org.ar\/index.php\/wp-json\/wp\/v2\/pages\/36"}],"collection":[{"href":"https:\/\/ainstra.org.ar\/index.php\/wp-json\/wp\/v2\/pages"}],"about":[{"href":"https:\/\/ainstra.org.ar\/index.php\/wp-json\/wp\/v2\/types\/page"}],"author":[{"embeddable":true,"href":"https:\/\/ainstra.org.ar\/index.php\/wp-json\/wp\/v2\/users\/1"}],"replies":[{"embeddable":true,"href":"https:\/\/ainstra.org.ar\/index.php\/wp-json\/wp\/v2\/comments?post=36"}],"version-history":[{"count":7,"href":"https:\/\/ainstra.org.ar\/index.php\/wp-json\/wp\/v2\/pages\/36\/revisions"}],"predecessor-version":[{"id":170,"href":"https:\/\/ainstra.org.ar\/index.php\/wp-json\/wp\/v2\/pages\/36\/revisions\/170"}],"wp:attachment":[{"href":"https:\/\/ainstra.org.ar\/index.php\/wp-json\/wp\/v2\/media?parent=36"}],"curies":[{"name":"wp","href":"https:\/\/api.w.org\/{rel}","templated":true}]}}