{"id":7,"date":"2022-02-04T16:22:18","date_gmt":"2022-02-04T19:22:18","guid":{"rendered":"http:\/\/ainstra.org.ar\/wordpressparalelo\/?page_id=7"},"modified":"2022-10-27T16:44:24","modified_gmt":"2022-10-27T19:44:24","slug":"inicio","status":"publish","type":"page","link":"https:\/\/ainstra.org.ar\/","title":{"rendered":"Inicio"},"content":{"rendered":"\t\t<div data-elementor-type=\"wp-page\" data-elementor-id=\"7\" class=\"elementor elementor-7\">\n\t\t\t\t\t\t\t\t\t<section class=\"elementor-section elementor-top-section elementor-element elementor-element-59eceb1 elementor-section-height-min-height elementor-section-items-stretch elementor-section-content-middle elementor-section-boxed elementor-section-height-default\" data-id=\"59eceb1\" data-element_type=\"section\">\n\t\t\t\t\t\t\t<div class=\"elementor-background-overlay\"><\/div>\n\t\t\t\t\t\t\t<div class=\"elementor-container elementor-column-gap-default\">\n\t\t\t\t\t<div class=\"elementor-column elementor-col-100 elementor-top-column elementor-element elementor-element-077a570\" data-id=\"077a570\" data-element_type=\"column\" data-settings=\"{&quot;background_background&quot;:&quot;slideshow&quot;,&quot;background_slideshow_gallery&quot;:[],&quot;background_slideshow_loop&quot;:&quot;yes&quot;,&quot;background_slideshow_slide_duration&quot;:5000,&quot;background_slideshow_slide_transition&quot;:&quot;fade&quot;,&quot;background_slideshow_transition_duration&quot;:500}\">\n\t\t\t<div class=\"elementor-widget-wrap elementor-element-populated\">\n\t\t\t\t\t\t\t\t<section class=\"elementor-section elementor-inner-section elementor-element elementor-element-3c222ec elementor-section-boxed elementor-section-height-default elementor-section-height-default\" data-id=\"3c222ec\" data-element_type=\"section\">\n\t\t\t\t\t\t<div class=\"elementor-container elementor-column-gap-default\">\n\t\t\t\t\t<div class=\"elementor-column elementor-col-100 elementor-inner-column elementor-element elementor-element-9af626c\" data-id=\"9af626c\" data-element_type=\"column\">\n\t\t\t<div class=\"elementor-widget-wrap elementor-element-populated\">\n\t\t\t\t\t\t\t\t<div class=\"elementor-element elementor-element-b05441c elementor-position-top elementor-vertical-align-top elementor-widget elementor-widget-image-box\" data-id=\"b05441c\" data-element_type=\"widget\" data-widget_type=\"image-box.default\">\n\t\t\t\t<div class=\"elementor-widget-container\">\n\t\t\t<style>\/*! elementor - v3.6.0 - 21-03-2022 *\/\n.elementor-widget-image-box .elementor-image-box-content{width:100%}@media (min-width:768px){.elementor-widget-image-box.elementor-position-left .elementor-image-box-wrapper,.elementor-widget-image-box.elementor-position-right .elementor-image-box-wrapper{display:-webkit-box;display:-ms-flexbox;display:flex}.elementor-widget-image-box.elementor-position-right .elementor-image-box-wrapper{text-align:right;-webkit-box-orient:horizontal;-webkit-box-direction:reverse;-ms-flex-direction:row-reverse;flex-direction:row-reverse}.elementor-widget-image-box.elementor-position-left .elementor-image-box-wrapper{text-align:left;-webkit-box-orient:horizontal;-webkit-box-direction:normal;-ms-flex-direction:row;flex-direction:row}.elementor-widget-image-box.elementor-position-top .elementor-image-box-img{margin:auto}.elementor-widget-image-box.elementor-vertical-align-top .elementor-image-box-wrapper{-webkit-box-align:start;-ms-flex-align:start;align-items:flex-start}.elementor-widget-image-box.elementor-vertical-align-middle .elementor-image-box-wrapper{-webkit-box-align:center;-ms-flex-align:center;align-items:center}.elementor-widget-image-box.elementor-vertical-align-bottom .elementor-image-box-wrapper{-webkit-box-align:end;-ms-flex-align:end;align-items:flex-end}}@media (max-width:767px){.elementor-widget-image-box .elementor-image-box-img{margin-left:auto!important;margin-right:auto!important;margin-bottom:15px}}.elementor-widget-image-box .elementor-image-box-img{display:inline-block}.elementor-widget-image-box .elementor-image-box-title a{color:inherit}.elementor-widget-image-box .elementor-image-box-wrapper{text-align:center}.elementor-widget-image-box .elementor-image-box-description{margin:0}<\/style><div class=\"elementor-image-box-wrapper\"><figure class=\"elementor-image-box-img\"><img decoding=\"async\" width=\"600\" height=\"200\" src=\"https:\/\/ainstra.org.ar\/wp-content\/uploads\/2022\/02\/logo.png\" class=\"attachment-full size-full\" alt=\"\" loading=\"lazy\" \/><\/figure><\/div>\t\t<\/div>\n\t\t\t\t<\/div>\n\t\t\t\t\t<\/div>\n\t\t<\/div>\n\t\t\t\t\t\t\t<\/div>\n\t\t<\/section>\n\t\t\t\t\t<\/div>\n\t\t<\/div>\n\t\t\t\t\t\t\t<\/div>\n\t\t<\/section>\n\t\t\t\t<section class=\"elementor-section elementor-top-section elementor-element elementor-element-32a4127 elementor-section-boxed elementor-section-height-default elementor-section-height-default\" data-id=\"32a4127\" data-element_type=\"section\">\n\t\t\t\t\t\t<div class=\"elementor-container elementor-column-gap-default\">\n\t\t\t\t\t<div class=\"elementor-column elementor-col-100 elementor-top-column elementor-element elementor-element-1d3c2d5\" data-id=\"1d3c2d5\" data-element_type=\"column\">\n\t\t\t<div class=\"elementor-widget-wrap elementor-element-populated\">\n\t\t\t\t\t\t\t\t<div class=\"elementor-element elementor-element-faa5ef1 elementor-widget elementor-widget-heading\" data-id=\"faa5ef1\" data-element_type=\"widget\" data-widget_type=\"heading.default\">\n\t\t\t\t<div class=\"elementor-widget-container\">\n\t\t\t<style>\/*! elementor - v3.6.0 - 21-03-2022 *\/\n.elementor-heading-title{padding:0;margin:0;line-height:1}.elementor-widget-heading .elementor-heading-title[class*=elementor-size-]>a{color:inherit;font-size:inherit;line-height:inherit}.elementor-widget-heading .elementor-heading-title.elementor-size-small{font-size:15px}.elementor-widget-heading .elementor-heading-title.elementor-size-medium{font-size:19px}.elementor-widget-heading .elementor-heading-title.elementor-size-large{font-size:29px}.elementor-widget-heading .elementor-heading-title.elementor-size-xl{font-size:39px}.elementor-widget-heading .elementor-heading-title.elementor-size-xxl{font-size:59px}<\/style><h2 class=\"elementor-heading-title elementor-size-default\">Quienes somos<\/h2>\t\t<\/div>\n\t\t\t\t<\/div>\n\t\t\t\t\t<\/div>\n\t\t<\/div>\n\t\t\t\t\t\t\t<\/div>\n\t\t<\/section>\n\t\t\t\t<section class=\"elementor-section elementor-top-section elementor-element elementor-element-dc30607 elementor-section-boxed elementor-section-height-default elementor-section-height-default\" data-id=\"dc30607\" data-element_type=\"section\">\n\t\t\t\t\t\t<div class=\"elementor-container elementor-column-gap-default\">\n\t\t\t\t\t<div class=\"elementor-column elementor-col-100 elementor-top-column elementor-element elementor-element-6ef4af7\" data-id=\"6ef4af7\" data-element_type=\"column\">\n\t\t\t<div class=\"elementor-widget-wrap elementor-element-populated\">\n\t\t\t\t\t\t\t\t<div class=\"elementor-element elementor-element-a0379b6 elementor-widget elementor-widget-text-editor\" data-id=\"a0379b6\" data-element_type=\"widget\" data-widget_type=\"text-editor.default\">\n\t\t\t\t<div class=\"elementor-widget-container\">\n\t\t\t<style>\/*! elementor - v3.6.0 - 21-03-2022 *\/\n.elementor-widget-text-editor.elementor-drop-cap-view-stacked .elementor-drop-cap{background-color:#818a91;color:#fff}.elementor-widget-text-editor.elementor-drop-cap-view-framed .elementor-drop-cap{color:#818a91;border:3px solid;background-color:transparent}.elementor-widget-text-editor:not(.elementor-drop-cap-view-default) .elementor-drop-cap{margin-top:8px}.elementor-widget-text-editor:not(.elementor-drop-cap-view-default) .elementor-drop-cap-letter{width:1em;height:1em}.elementor-widget-text-editor .elementor-drop-cap{float:left;text-align:center;line-height:1;font-size:50px}.elementor-widget-text-editor .elementor-drop-cap-letter{display:inline-block}<\/style>\t\t\t\t<p><span style=\"font-size: 15px; font-weight: 400; color: #29186b;\">La Asociaci\u00f3n de Institutos de Nivel Superior T\u00e9cnico \u2013 Profesionales y Tecnol\u00f3gicos de la Rep\u00fablica Argentina (AINSTRA) es una Asociaci\u00f3n Civil, sin fines de lucro, fundada el 25 de marzo de 1991 con el objetivo de defender, proteger y acompa\u00f1ar los intereses del sector tanto a nivel pedag\u00f3gico, como as\u00ed tambi\u00e9n, a nivel de la pol\u00edtica educativa nacional.<\/span><\/p><p>De este modo, AINSTRA fue pionera dentro de la Educaci\u00f3n de Nivel Superior T\u00e9cnico &#8211; Profesional y Tecnol\u00f3gica al ser, durante muchos a\u00f1os, la \u00fanica asociaci\u00f3n de este tipo oficialmente reconocida en la Argentina, por Resoluci\u00f3n N\u00ba 000794\/91 de la Inspecci\u00f3n General de Justicia de la Naci\u00f3n.<\/p><p style=\"font-weight: 400;\">Sin duda, a poco de crearse la Asociaci\u00f3n, la gran prueba de fuego que debimos enfrentar fue el debate de la Ley Federal de Educaci\u00f3n. Durante el transcurso del mismo mantuvimos una ardua negociaci\u00f3n, en las C\u00e1maras de Diputados y Senadores, con respecto a las problem\u00e1ticas vinculadas a nuestro sector logrando incluir 2 art\u00edculos muy importantes en la futura Ley de Educaci\u00f3n Superior N\u00ba 24.521, sancionada finalmente el 20 de julio de 1995.<\/p><p>Obtuvimos, por un lado, la inclusi\u00f3n del Articulo N\u00ba 19 que hace alusi\u00f3n a que \u201clas instituciones de educaci\u00f3n superior no universitaria podr\u00e1n proporcionar formaci\u00f3n superior de ese car\u00e1cter, en el \u00e1rea de que se trate y\/o actualizaci\u00f3n, reformulaci\u00f3n o adquisici\u00f3n de nuevos conocimientos y competencias a nivel de postitulo\u2026\u201d. Por otro lado, logramos sumar a la Ley de Educaci\u00f3n Superior el Articulo N\u00ba 22 con lo que logramos que el Estado incluyera en la Ley a los colegios universitarios. El art\u00edculo N\u00ba 22 se\u00f1ala lo siguiente \u201clas instituciones de nivel superior no universitario que se creen o transformen\u2026 que acuerden con una o m\u00e1s universidades del pa\u00eds mecanismos de acreditaci\u00f3n de sus carreras o programas de formaci\u00f3n y capacitaci\u00f3n, podr\u00e1n denominarse colegios universitarios\u201d.<\/p><p style=\"font-weight: 400;\">A partir del a\u00f1o 1995, AINSTRA forma parte de la Junta Coordinadora de Asociaciones de la Ense\u00f1anza Privada de la Rep\u00fablica Argentina (COORDIEP). Esta, tiene sedes que bregan por los intereses de las instituciones educativas privadas en todas las provincias. Participa en representaci\u00f3n de COORDIEP de la comisi\u00f3n t\u00e9cnica del INET (Instituto Nacional de Educaci\u00f3n Tecnol\u00f3gica) organismo que dise\u00f1a las bases y la pol\u00edtica que sustentan la Educaci\u00f3n T\u00e9cnica del pa\u00eds. Asimismo forma parte del Consejo Consultivo de la Direcci\u00f3n General de Educaci\u00f3n de Gesti\u00f3n Privada (DGEGP) de la Ciudad Aut\u00f3noma de Buenos Aires lo que nos permite estar interiorizados y discutir acerca de los problemas de la educaci\u00f3n de la Ciudad.<\/p><p style=\"font-weight: 400;\">A partir del a\u00f1o 2009, AINSTRA forma parte de la Federaci\u00f3n para el Desarrollo de la Educaci\u00f3n T\u00e9cnica, Especial y Com\u00fan, entidad que trabaja en dos grandes l\u00edneas de acci\u00f3n: la defensa de los intereses del sector y la promoci\u00f3n de la educaci\u00f3n t\u00e9cnico &#8211; profesional, especial y com\u00fan en todos sus niveles: Medio, Superior y de Formaci\u00f3n Profesional.<\/p>\t\t\t\t\t\t<\/div>\n\t\t\t\t<\/div>\n\t\t\t\t\t<\/div>\n\t\t<\/div>\n\t\t\t\t\t\t\t<\/div>\n\t\t<\/section>\n\t\t\t\t\t\t\t<\/div>\n\t\t","protected":false},"excerpt":{"rendered":"<p>Quienes somos La Asociaci\u00f3n de Institutos de Nivel Superior T\u00e9cnico \u2013 Profesionales y Tecnol\u00f3gicos de la Rep\u00fablica Argentina (AINSTRA) es una Asociaci\u00f3n Civil, sin fines de lucro, fundada el 25 de marzo de 1991 con el objetivo de defender, proteger y acompa\u00f1ar los intereses del sector tanto a nivel pedag\u00f3gico, como as\u00ed tambi\u00e9n, a nivel &hellip;<\/p>\n<p class=\"read-more\"> <a class=\"\" href=\"https:\/\/ainstra.org.ar\/\"> <span class=\"screen-reader-text\">Inicio<\/span> Read More &raquo;<\/a><\/p>\n","protected":false},"author":1,"featured_media":0,"parent":0,"menu_order":0,"comment_status":"closed","ping_status":"closed","template":"","meta":[],"_links":{"self":[{"href":"https:\/\/ainstra.org.ar\/index.php\/wp-json\/wp\/v2\/pages\/7"}],"collection":[{"href":"https:\/\/ainstra.org.ar\/index.php\/wp-json\/wp\/v2\/pages"}],"about":[{"href":"https:\/\/ainstra.org.ar\/index.php\/wp-json\/wp\/v2\/types\/page"}],"author":[{"embeddable":true,"href":"https:\/\/ainstra.org.ar\/index.php\/wp-json\/wp\/v2\/users\/1"}],"replies":[{"embeddable":true,"href":"https:\/\/ainstra.org.ar\/index.php\/wp-json\/wp\/v2\/comments?post=7"}],"version-history":[{"count":45,"href":"https:\/\/ainstra.org.ar\/index.php\/wp-json\/wp\/v2\/pages\/7\/revisions"}],"predecessor-version":[{"id":157,"href":"https:\/\/ainstra.org.ar\/index.php\/wp-json\/wp\/v2\/pages\/7\/revisions\/157"}],"wp:attachment":[{"href":"https:\/\/ainstra.org.ar\/index.php\/wp-json\/wp\/v2\/media?parent=7"}],"curies":[{"name":"wp","href":"https:\/\/api.w.org\/{rel}","templated":true}]}}